{"id":975,"date":"2015-06-06T14:17:15","date_gmt":"2015-06-06T14:17:15","guid":{"rendered":"https:\/\/realpolitikmag.org\/wp\/?page_id=975"},"modified":"2024-09-19T13:09:22","modified_gmt":"2024-09-19T13:09:22","slug":"about","status":"publish","type":"page","link":"https:\/\/realpolitikmag.org\/index.php\/about\/","title":{"rendered":"Autor info"},"content":{"rendered":"\n<figure class=\"wp-block-image size-full\"><a href=\"https:\/\/realpolitikmag.org\/wp-content\/uploads\/2024\/07\/JPTF.jpg\"><img loading=\"lazy\" decoding=\"async\" width=\"382\" height=\"382\" src=\"https:\/\/realpolitikmag.org\/wp-content\/uploads\/2024\/07\/JPTF.jpg\" alt=\"\" class=\"wp-image-6553\" srcset=\"https:\/\/realpolitikmag.org\/wp-content\/uploads\/2024\/07\/JPTF.jpg 382w, https:\/\/realpolitikmag.org\/wp-content\/uploads\/2024\/07\/JPTF-150x150.jpg 150w, https:\/\/realpolitikmag.org\/wp-content\/uploads\/2024\/07\/JPTF-300x300.jpg 300w\" sizes=\"auto, (max-width: 382px) 100vw, 382px\" \/><\/a><\/figure>\n\n\n<div class=\"sc-columns half clearfix\">\n<div class=\"col\"> REALPOLITIKMAG<\/p>\n<p>RealpolitikMag \u00e9 um website especializado em assuntos de geopol\u00edtica e rela\u00e7\u00f5es internacionais, organizado por Jos\u00e9 Pedro Teixeira Fernandes. Todos os textos s\u00e3o materiais originais do Autor.<\/p>\n<p>COPYRIGHT \/ UTILIZA\u00c7\u00c3O E CITA\u00c7\u00c3O<\/p>\n<p>A utiliza\u00e7\u00e3o e divulga\u00e7\u00e3o de conte\u00fados deste website para fins n\u00e3o comerciais n\u00e3o est\u00e1 sujeita a restri\u00e7\u00f5es, desde que seja feita uma refer\u00eancia clara ao Autor do(s) conte\u00fado(s) usado(s) e inserido um link para a respectiva p\u00e1gina.<\/p>\n<p>Independentemente do formato espec\u00edfico utilizado para as refer\u00eancias bibliogr\u00e1ficas e cita\u00e7\u00f5es, dever\u00e3o sempre ser inclu\u00eddos os seguintes elementos:<\/p>\n<p>Nome completo do autor indicado no final de cada p\u00e1gina da Web<br \/>\nT\u00edtulo completo do artigo ou post<br \/>\nA data de publica\u00e7\u00e3o<br \/>\nO editor (o editor original mencionado no final de cada p\u00e1gina da web, ou, se n\u00e3o for esse o caso, \u00abRealpolitikMag\u00bb) e URL completo do artigo ou post<br \/>\nA data de consulta do artigo ou post [data de acesso]\n<p>CONTACTOS<\/p>\n<p>Correio electr\u00f3nico: <a href=\"mailto:jptf@realpolitikmag.org\">jptf<\/a><a href=\"mailto:jptf@realpolitikmag.org\">@realpolitikmag.org<\/a><\/p>\n<\/div>\n<div class=\"col\"> REALPOLITIKMAG<\/p>\n<p>RealpolitikMag is a specialized website about geopolitics and international relations, organized by Jos\u00e9 Pedro Teixeira Fernandes. All texts are original materials of the Author.<\/p>\n<p>COPYRIGHT \/ REFERENCING AND USING<\/p>\n<p>There are no restrictions for the use and dissemination of the content of this website for noncommercial purposes, so long as you clearly reference the Author and embed a link to the content\u2019s page.<\/p>\n<p>Regardless of the exact referencing format you are using, you should always include:<\/p>\n<p>The full author name listed at the bottom of the each webpage<br \/>\nThe full article or post title<br \/>\nThe date of publication<br \/>\nThe publisher (the original publisher listed at the bottom of the each webpage, or, if there is no original publisher, \u00abRealpolitikMag\u00bb), and the full article URL<br \/>\nYou should also add the date the article was accessed [Accessed Day \/ Month \/ Year]\n<p>CONTACTS<\/p>\n<p>Email:\u00a0 <a href=\"mailto:jptf@realpolitikmag.org\">jptf<\/a><a href=\"mailto:jptf@realpolitikmag.org\">@realpolitikmag.org<\/a><\/p>\n<\/div>\n<\/div>\n","protected":false},"excerpt":{"rendered":"","protected":false},"author":1,"featured_media":0,"parent":0,"menu_order":0,"comment_status":"open","ping_status":"open","template":"","meta":{"footnotes":""},"class_list":["post-975","page","type-page","status-publish","hentry","entry"],"_links":{"self":[{"href":"https:\/\/realpolitikmag.org\/index.php\/wp-json\/wp\/v2\/pages\/975","targetHints":{"allow":["GET"]}}],"collection":[{"href":"https:\/\/realpolitikmag.org\/index.php\/wp-json\/wp\/v2\/pages"}],"about":[{"href":"https:\/\/realpolitikmag.org\/index.php\/wp-json\/wp\/v2\/types\/page"}],"author":[{"embeddable":true,"href":"https:\/\/realpolitikmag.org\/index.php\/wp-json\/wp\/v2\/users\/1"}],"replies":[{"embeddable":true,"href":"https:\/\/realpolitikmag.org\/index.php\/wp-json\/wp\/v2\/comments?post=975"}],"version-history":[{"count":19,"href":"https:\/\/realpolitikmag.org\/index.php\/wp-json\/wp\/v2\/pages\/975\/revisions"}],"predecessor-version":[{"id":6632,"href":"https:\/\/realpolitikmag.org\/index.php\/wp-json\/wp\/v2\/pages\/975\/revisions\/6632"}],"wp:attachment":[{"href":"https:\/\/realpolitikmag.org\/index.php\/wp-json\/wp\/v2\/media?parent=975"}],"curies":[{"name":"wp","href":"https:\/\/api.w.org\/{rel}","templated":true}]}}